{"id":678,"date":"2017-10-24T10:31:16","date_gmt":"2017-10-24T10:31:16","guid":{"rendered":"http:\/\/helsakam.com.tr\/?page_id=678"},"modified":"2022-11-10T14:06:39","modified_gmt":"2022-11-10T14:06:39","slug":"homepage","status":"publish","type":"page","link":"http:\/\/helsakam.com.tr\/de\/","title":{"rendered":"Homepage"},"content":{"rendered":"<p>[vc_row][vc_column width=&#8221;1\/2&#8243;][vc_column_text]<\/p>\n<h3>SEHEN SIE SICH UNSER VIDEO AN!<\/h3>\n<div class=\"alignleft\" style=\"padding-right: 20px;\"><a id=\"69f1f8cbaf7ee\" rel=\"wp-video-lightbox\" href=\"https:\/\/www.youtube.com\/watch?v=G83PEoGslt8&#038;width=640&#038;height=480\" data-rel=\"lightbox-video-0\" title=\"\"><img src=\"http:\/\/helsakam.com.tr\/wp\/wp-content\/uploads\/2012\/08\/video1.png\" class=\"video_lightbox_anchor_image\" alt=\"\" \/><\/a>    <script>\r\n    \/* <![CDATA[ *\/\r\n    jQuery(document).ready(function($){\r\n        $(function(){\r\n            var width = $(window).innerWidth();\r\n            var setwidth = parseFloat(640);\r\n            var ratio = parseFloat(0.75);\r\n            var height = parseFloat(480);\r\n            var link = 'https:\/\/www.youtube.com\/watch?v=G83PEoGslt8&amp;width=640&amp;height=480';\r\n            if(width < setwidth)\r\n            {\r\n                height = Math.floor(width * 0.75);\r\n                \/\/console.log(\"device width \"+width+\", set width \"+640+\", ratio \"+0.75+\", new height \"+ height);\r\n                var new_url = wpvl_paramReplace('width', link, width);\r\n                var new_url = wpvl_paramReplace('height', new_url, height);\r\n                $(\"a#69f1f8cbaf7ee\").attr('href', new_url);\r\n                \/\/console.log(new_url);\r\n            }\r\n        });\r\n    });\r\n    \/* ]]> *\/\r\n    <\/script><\/div>\n<p>Jetzt k\u00f6nnen Sie sofort unsere Fabrik besichtigen und uns durch unseren sorgf\u00e4ltigen Film n\u00e4her kennenlernen. Unsere Produktion steht unseren Kunden jeder Zeit zur Verf\u00fcgung.[\/vc_column_text][\/vc_column][vc_column width=&#8221;1\/2&#8243;][vc_column_text]<\/p>\n","protected":false},"excerpt":{"rendered":"<p>[vc_row][vc_column width=&#8221;1\/2&#8243;][vc_column_text] SEHEN SIE SICH UNSER VIDEO AN! Jetzt k\u00f6nnen Sie sofort unsere Fabrik besichtigen und uns durch unseren sorgf\u00e4ltigen Film n\u00e4her kennenlernen. Unsere Produktion steht unseren Kunden jeder Zeit zur Verf\u00fcgung.[\/vc_column_text][\/vc_column][vc_column width=&#8221;1\/2&#8243;][vc_column_text]<\/p>\n","protected":false},"author":1,"featured_media":0,"parent":0,"menu_order":0,"comment_status":"open","ping_status":"open","template":"page-homepage.php","meta":[],"_links":{"self":[{"href":"http:\/\/helsakam.com.tr\/de\/wp-json\/wp\/v2\/pages\/678"}],"collection":[{"href":"http:\/\/helsakam.com.tr\/de\/wp-json\/wp\/v2\/pages"}],"about":[{"href":"http:\/\/helsakam.com.tr\/de\/wp-json\/wp\/v2\/types\/page"}],"author":[{"embeddable":true,"href":"http:\/\/helsakam.com.tr\/de\/wp-json\/wp\/v2\/users\/1"}],"replies":[{"embeddable":true,"href":"http:\/\/helsakam.com.tr\/de\/wp-json\/wp\/v2\/comments?post=678"}],"version-history":[{"count":11,"href":"http:\/\/helsakam.com.tr\/de\/wp-json\/wp\/v2\/pages\/678\/revisions"}],"predecessor-version":[{"id":930,"href":"http:\/\/helsakam.com.tr\/de\/wp-json\/wp\/v2\/pages\/678\/revisions\/930"}],"wp:attachment":[{"href":"http:\/\/helsakam.com.tr\/de\/wp-json\/wp\/v2\/media?parent=678"}],"curies":[{"name":"wp","href":"https:\/\/api.w.org\/{rel}","templated":true}]}}