{"id":724,"date":"2017-10-24T11:06:09","date_gmt":"2017-10-24T11:06:09","guid":{"rendered":"http:\/\/helsakam.com.tr\/?page_id=724"},"modified":"2019-12-19T06:55:18","modified_gmt":"2019-12-19T06:55:18","slug":"kunden","status":"publish","type":"page","link":"http:\/\/helsakam.com.tr\/de\/kunden\/","title":{"rendered":"KUNDEN"},"content":{"rendered":"<p>[vc_row][vc_column][vc_column_text]<a href=\"http:\/\/www.altinyildiz.com.tr\/\" target=\"_blank\" rel=\"noopener\">ALTINYILDIZ MENSUCAT KONF. FAB. A.\u015e.<\/a><\/p>\n<p><a href=\"http:\/\/www.apstextile.com\/main.html\" target=\"_blank\" rel=\"noopener\">APS TEKS. VE T\u0130C. A.\u015e.<\/a><\/p>\n<p><a href=\"http:\/\/www.aydinli.com.tr\/\" target=\"_blank\" rel=\"noopener\">AYDINLI HAZIR G\u0130Y\u0130M SAN. VE T\u0130C. A.\u015e.<\/a><\/p>\n<p><a href=\"http:\/\/www.bessini.com\/\" target=\"_blank\" rel=\"noopener\">BESS\u0130N\u0130 TEKST\u0130L SAN. VE T\u0130C. LTD. \u015eT\u0130.<\/a><\/p>\n<p><a href=\"http:\/\/www.bizdengiyim.com\/\" target=\"_blank\" rel=\"noopener\">B\u0130ZDEN G\u0130Y\u0130M SAN. T\u0130C. LTD. \u015eT\u0130.<\/a><\/p>\n<p><a href=\"http:\/\/www.edirnegiyim.com.tr\/\" target=\"_blank\" rel=\"noopener\">ED\u0130RNE G\u0130Y\u0130M SANAY\u0130\u0130<\/a><\/p>\n<p><a href=\"http:\/\/www.armine.com\/\" target=\"_blank\" rel=\"noopener\">EM\u0130RHAN G\u0130Y\u0130M KONF. SAN. T\u0130C. LTD. \u015eT\u0130. (ARM\u0130NE)<\/a><\/p>\n<p><a href=\"http:\/\/www.eroglugroup.com.tr\/\" target=\"_blank\" rel=\"noopener\">ERO\u011eLU KONF. SAN. T\u0130C. LTD. \u015eT\u0130.<\/a><\/p>\n<p><a href=\"http:\/\/www.bgn.fr\/\" target=\"_blank\" rel=\"noopener\">EV\u0130TA TEKS. SAN. VE T\u0130C. A.\u015e.<\/a><\/p>\n<p><a href=\"http:\/\/www.faiksonmez.com\/\" target=\"_blank\" rel=\"noopener\">FA\u0130K S\u00d6NMEZ TEKS. SAN. T\u0130C. A.\u015e.<\/a><\/p>\n<p><a href=\"http:\/\/www.fever.com.tr\/\" target=\"_blank\" rel=\"noopener\">FEVER KONF. SAN. T\u0130C. A.\u015e.<\/a><\/p>\n<p><a href=\"http:\/\/www.parkbravo.com.tr\/\" target=\"_blank\" rel=\"noopener\">FOLK G\u0130Y\u0130M SAN.\u0130MALAT VE T\u0130C. LTD. \u015eT\u0130. (PARK BRAVO)<\/a><\/p>\n<p><a href=\"http:\/\/www.damat.com.tr\/\" target=\"_blank\" rel=\"noopener\">G\u0130YSUN TEKST\u0130L KONF. SAN. VE PAZ. LTD. \u015eT\u0130. (DAMAT&amp;TWEEN)<\/a><\/p>\n<p><a href=\"http:\/\/www.gizia.com.tr\/en\/#\/Collection\" target=\"_blank\" rel=\"noopener\">G\u0130Z\u0130A MODA TEKS. SAN. VE DI\u015e T\u0130C. LTD. \u015eT\u0130.<\/a><\/p>\n<p><a href=\"http:\/\/www.kenzel.com.tr\/\" target=\"_blank\" rel=\"noopener\">GODE G\u0130Y\u0130M SAN.T\u0130C.LTD.\u015eT\u0130. (KENZEL)<\/a><\/p>\n<p><a href=\"http:\/\/www.gurmen.com.tr\/main_tur.htm\" target=\"_blank\" rel=\"noopener\">G\u00dcRMEN G\u0130Y\u0130M SAN. T\u0130C. A.\u015e. (RAMSEY)<\/a><\/p>\n<p><a href=\"https:\/\/www.holyfashiongroup.com\/\">HOLY FASHION GROUP<\/a><\/p>\n<p><a href=\"http:\/\/www.hugoboss.com\/\" target=\"_blank\" rel=\"noopener\">HUGO BOSS AG<\/a><\/p>\n<p><a href=\"http:\/\/www.kargisan.com.tr\/\" target=\"_blank\" rel=\"noopener\">KARAB\u00dcK G\u0130Y\u0130M SAN.T\u0130C. A.\u015e. (KARG\u0130SAN)<\/a><\/p>\n<p><a href=\"http:\/\/www.kuhn-masskonfektion.com\/\" target=\"_blank\" rel=\"noopener\">KUHN MASSKONFEKTION<\/a><\/p>\n<p><a href=\"http:\/\/www.lagazzetta.com.tr\/\" target=\"_blank\" rel=\"noopener\">LA GAZETTA MODA TEKS. VE DI\u015e T\u0130C. LTD. \u015eT\u0130.<\/a><\/p>\n<p><a href=\"http:\/\/www.modavizyon.com.tr\/\" target=\"_blank\" rel=\"noopener\">MODAV\u0130ZYON TEKST\u0130L SAN.T\u0130C. A.\u015e.<\/a><\/p>\n<p><a href=\"http:\/\/ghsgrup.com\/oz.htm\" target=\"_blank\" rel=\"noopener\">\u00d6ZTEKST\u0130L SAN. T\u0130C. LTD. \u015eT\u0130. <\/a><\/p>\n<p><a href=\"http:\/\/www.roman.com.tr\/\" target=\"_blank\" rel=\"noopener\">ROMAN HAZIR G\u0130Y\u0130M VE TEKS.SAN.T\u0130C.A.\u015e.<\/a><\/p>\n<p><a href=\"http:\/\/www.sabratekstil.com\/en\/\" target=\"_blank\" rel=\"noopener\">SABRA TEKS. SAN. T\u0130C. A.\u015e.<\/a><\/p>\n<p><a href=\"http:\/\/www.sarar.com\/\" target=\"_blank\" rel=\"noopener\">SARAR TEKS. SAN. VE T\u0130C. LTD. \u015eT\u0130. <\/a><\/p>\n<p><a href=\"http:\/\/sardistekstil.com\/\" target=\"_blank\" rel=\"noopener\">SARD\u0130S TEKS. SAN.VE T\u0130C. LTD. \u015eT\u0130.<\/a><\/p>\n<p><a href=\"http:\/\/www.shopsocieta.com\/\" target=\"_blank\" rel=\"noopener\">SOCIETA TEKS. SAN. T\u0130C. LTD. \u015eT\u0130.<\/a><\/p>\n<p><a href=\"http:\/\/www.taypa.com.tr\/en-EN\/anasayfa\/1.aspx\/\" target=\"_blank\" rel=\"noopener\">TAYPA TEKST\u0130L G\u0130Y\u0130M SAN. VE T\u0130C. A.\u015e.<\/a><\/p>\n<p><a href=\"http:\/\/www.tekbirgiyim.com.tr\/\" target=\"_blank\" rel=\"noopener\">TEKB\u0130R G\u0130Y\u0130M SAN. T\u0130C. A.\u015e.<\/a><\/p>\n<p><a href=\"http:\/\/www.unlutekstil.com.tr\/\" target=\"_blank\" rel=\"noopener\">\u00dcNL\u00dc TEKS. SAN. T\u0130C. A.\u015e.<\/a><\/p>\n<p><a href=\"http:\/\/www.vakko.com\/\" target=\"_blank\" rel=\"noopener\">VAKKO TEKS. VE HAZIR G\u0130Y\u0130M SAN. \u0130\u015eL. A.\u015e.<\/a><\/p>\n<p><a href=\"http:\/\/www.vip-istanbul.com\/\" target=\"_blank\" rel=\"noopener\">V\u0130P G\u0130Y\u0130M SAN. VE T\u0130C. A.\u015e.<\/a><\/p>\n<p><a href=\"http:\/\/www.ipekyol.com.tr\/\" target=\"_blank\" rel=\"noopener\">YOL G\u0130Y\u0130M SAN. PAZ. VE T\u0130C. A.\u015e. (\u0130PEKYOL)<\/a>[\/vc_column_text][\/vc_column][\/vc_row]<\/p>\n","protected":false},"excerpt":{"rendered":"<p>[vc_row][vc_column][vc_column_text]ALTINYILDIZ MENSUCAT KONF. FAB. A.\u015e. APS TEKS. VE T\u0130C. A.\u015e. AYDINLI HAZIR G\u0130Y\u0130M SAN. VE T\u0130C. A.\u015e. BESS\u0130N\u0130 TEKST\u0130L SAN. VE T\u0130C. LTD. \u015eT\u0130. B\u0130ZDEN G\u0130Y\u0130M SAN. T\u0130C. LTD. \u015eT\u0130. ED\u0130RNE G\u0130Y\u0130M SANAY\u0130\u0130 EM\u0130RHAN G\u0130Y\u0130M KONF. SAN. T\u0130C. LTD. \u015eT\u0130. (ARM\u0130NE) ERO\u011eLU KONF. SAN. T\u0130C. LTD. \u015eT\u0130. EV\u0130TA TEKS. SAN. VE T\u0130C. A.\u015e. FA\u0130K S\u00d6NMEZ TEKS. SAN. T\u0130C. A.\u015e. FEVER KONF. SAN. T\u0130C. A.\u015e. FOLK G\u0130Y\u0130M SAN.\u0130MALAT VE T\u0130C. LTD. \u015eT\u0130. (PARK BRAVO) G\u0130YSUN TEKST\u0130L KONF. SAN. VE PAZ. LTD. \u015eT\u0130. (DAMAT&amp;TWEEN) G\u0130Z\u0130A MODA TEKS. SAN. VE DI\u015e T\u0130C. LTD. \u015eT\u0130. GODE G\u0130Y\u0130M SAN.T\u0130C.LTD.\u015eT\u0130. (KENZEL) G\u00dcRMEN G\u0130Y\u0130M SAN. T\u0130C. A.\u015e. [&hellip;]<\/p>\n","protected":false},"author":1,"featured_media":730,"parent":0,"menu_order":0,"comment_status":"open","ping_status":"open","template":"","meta":[],"_links":{"self":[{"href":"http:\/\/helsakam.com.tr\/de\/wp-json\/wp\/v2\/pages\/724"}],"collection":[{"href":"http:\/\/helsakam.com.tr\/de\/wp-json\/wp\/v2\/pages"}],"about":[{"href":"http:\/\/helsakam.com.tr\/de\/wp-json\/wp\/v2\/types\/page"}],"author":[{"embeddable":true,"href":"http:\/\/helsakam.com.tr\/de\/wp-json\/wp\/v2\/users\/1"}],"replies":[{"embeddable":true,"href":"http:\/\/helsakam.com.tr\/de\/wp-json\/wp\/v2\/comments?post=724"}],"version-history":[{"count":3,"href":"http:\/\/helsakam.com.tr\/de\/wp-json\/wp\/v2\/pages\/724\/revisions"}],"predecessor-version":[{"id":900,"href":"http:\/\/helsakam.com.tr\/de\/wp-json\/wp\/v2\/pages\/724\/revisions\/900"}],"wp:featuredmedia":[{"embeddable":true,"href":"http:\/\/helsakam.com.tr\/de\/wp-json\/wp\/v2\/media\/730"}],"wp:attachment":[{"href":"http:\/\/helsakam.com.tr\/de\/wp-json\/wp\/v2\/media?parent=724"}],"curies":[{"name":"wp","href":"https:\/\/api.w.org\/{rel}","templated":true}]}}