{"id":723,"date":"2017-10-24T11:02:49","date_gmt":"2017-10-24T11:02:49","guid":{"rendered":"http:\/\/helsakam.com.tr\/?page_id=723"},"modified":"2019-12-19T06:54:00","modified_gmt":"2019-12-19T06:54:00","slug":"customers","status":"publish","type":"page","link":"http:\/\/helsakam.com.tr\/en\/customers\/","title":{"rendered":"CUSTOMERS"},"content":{"rendered":"<p>[vc_row][vc_column][vc_column_text]<a href=\"http:\/\/www.altinyildiz.com.tr\/\" target=\"_blank\" rel=\"noopener noreferrer\">ALTINYILDIZ MENSUCAT KONF. FAB. A.\u015e.<\/a><\/p>\n<p><a href=\"http:\/\/www.apstextile.com\/main.html\" target=\"_blank\" rel=\"noopener noreferrer\">APS TEKS. VE T\u0130C. A.\u015e.<\/a><\/p>\n<p><a href=\"http:\/\/www.aydinli.com.tr\/\" target=\"_blank\" rel=\"noopener noreferrer\">AYDINLI HAZIR G\u0130Y\u0130M SAN. VE T\u0130C. A.\u015e.<\/a><\/p>\n<p><a href=\"http:\/\/www.bizdengiyim.com\/\" target=\"_blank\" rel=\"noopener noreferrer\">B\u0130ZDEN G\u0130Y\u0130M SAN. T\u0130C. LTD. \u015eT\u0130.<\/a><\/p>\n<p><a href=\"http:\/\/www.edirnegiyim.com.tr\/\" target=\"_blank\" rel=\"noopener noreferrer\">ED\u0130RNE G\u0130Y\u0130M SANAY\u0130\u0130<\/a><\/p>\n<p><a href=\"http:\/\/www.eroglugroup.com.tr\/\" target=\"_blank\" rel=\"noopener noreferrer\">ERO\u011eLU KONF. SAN. T\u0130C. LTD. \u015eT\u0130.<\/a><\/p>\n<p><a href=\"http:\/\/www.eryilmazgroup.com\/en\/contact.html\" target=\"_blank\" rel=\"noopener noreferrer\">ERYILMAZ KONF. SAN. T\u0130C. LTD. \u015eT\u0130.<\/a><\/p>\n<p><a href=\"http:\/\/www.fever.com.tr\/\" target=\"_blank\" rel=\"noopener noreferrer\">FEVER KONF. SAN. T\u0130C. A.\u015e.<\/a><\/p>\n<p><a href=\"http:\/\/www.giteks.com.tr\/en\/\" target=\"_blank\" rel=\"noopener noreferrer\">G\u0130TEKS G\u0130Y\u0130M SAN. T\u0130C. A.\u015e. (DAMAT)<\/a><\/p>\n<p><a href=\"http:\/\/www.gurmen.com.tr\/main_tur.htm\" target=\"_blank\" rel=\"noopener noreferrer\">G\u00dcRMEN G\u0130Y\u0130M SAN. T\u0130C. A.\u015e. (RAMSEY)<\/a><\/p>\n<p><a href=\"https:\/\/www.holyfashiongroup.com\/\">HOLY FASHION GROUP<\/a><\/p>\n<p><a href=\"http:\/\/www.hugoboss.com\/\" target=\"_blank\" rel=\"noopener noreferrer\">HUGO BOSS AG<\/a><\/p>\n<p><a href=\"http:\/\/www.kargisan.com.tr\/\" target=\"_blank\" rel=\"noopener noreferrer\">KARAB\u00dcK G\u0130Y\u0130M SAN.T\u0130C. A.\u015e. (KARG\u0130SAN)<\/a><\/p>\n<p><a href=\"http:\/\/www.sir-bykostum.com\/giris.aspx\" target=\"_blank\" rel=\"noopener noreferrer\">KOST\u00dcM G\u0130Y\u0130M SAN.T\u0130C. A.\u015e.<\/a><\/p>\n<p><a href=\"http:\/\/www.kuhn-masskonfektion.com\/\" target=\"_blank\" rel=\"noopener noreferrer\">KUHN MASSKONFEKTION<\/a><\/p>\n<p><a href=\"http:\/\/www.modavizyon.com.tr\/\" target=\"_blank\" rel=\"noopener noreferrer\">MODAV\u0130ZYON TEKST\u0130L SAN.T\u0130C. A.\u015e.<\/a><\/p>\n<p><a href=\"http:\/\/ghsgrup.com\/oz.htm\" target=\"_blank\" rel=\"noopener noreferrer\">\u00d6ZTEKST\u0130L SAN. T\u0130C. LTD. \u015eT\u0130. <\/a><\/p>\n<p><a href=\"http:\/\/www.sarar.com\/\" target=\"_blank\" rel=\"noopener noreferrer\">SARAR TEKS. SAN. VE T\u0130C. LTD. \u015eT\u0130. <\/a><\/p>\n<p><a href=\"http:\/\/www.shopsocieta.com\/\" target=\"_blank\" rel=\"noopener noreferrer\">SOCIETA TEKS. SAN. T\u0130C. LTD. \u015eT\u0130.<\/a><\/p>\n<p><a href=\"http:\/\/www.unlutekstil.com.tr\/\" target=\"_blank\" rel=\"noopener noreferrer\">\u00dcNL\u00dc TEKS. SAN. T\u0130C. A.\u015e.<\/a><\/p>\n<p><a href=\"http:\/\/www.vakko.com\/\" target=\"_blank\" rel=\"noopener noreferrer\">VAKKO TEKS. VE HAZIR G\u0130Y\u0130M SAN. \u0130\u015eL. A.\u015e.<\/a><\/p>\n<p><a href=\"http:\/\/www.vip-istanbul.com\/\" target=\"_blank\" rel=\"noopener noreferrer\">V\u0130P G\u0130Y\u0130M SAN. VE T\u0130C. A.\u015e.<\/a><\/p>\n<p><a href=\"http:\/\/www.ipekyol.com.tr\/\" target=\"_blank\" rel=\"noopener noreferrer\">\u0130PEKYOL G\u0130Y\u0130M SAN. PAZ. VE T\u0130C. A.\u015e. (\u0130PEKYOL)<\/a>[\/vc_column_text][\/vc_column][\/vc_row]<\/p>\n","protected":false},"excerpt":{"rendered":"<p>[vc_row][vc_column][vc_column_text]ALTINYILDIZ MENSUCAT KONF. FAB. A.\u015e. APS TEKS. VE T\u0130C. A.\u015e. AYDINLI HAZIR G\u0130Y\u0130M SAN. VE T\u0130C. A.\u015e. B\u0130ZDEN G\u0130Y\u0130M SAN. T\u0130C. LTD. \u015eT\u0130. ED\u0130RNE G\u0130Y\u0130M SANAY\u0130\u0130 ERO\u011eLU KONF. SAN. T\u0130C. LTD. \u015eT\u0130. ERYILMAZ KONF. SAN. T\u0130C. LTD. \u015eT\u0130. FEVER KONF. SAN. T\u0130C. A.\u015e. G\u0130TEKS G\u0130Y\u0130M SAN. T\u0130C. A.\u015e. (DAMAT) G\u00dcRMEN G\u0130Y\u0130M SAN. T\u0130C. A.\u015e. (RAMSEY) HOLY FASHION GROUP HUGO BOSS AG KARAB\u00dcK G\u0130Y\u0130M SAN.T\u0130C. A.\u015e. (KARG\u0130SAN) KOST\u00dcM G\u0130Y\u0130M SAN.T\u0130C. A.\u015e. KUHN MASSKONFEKTION MODAV\u0130ZYON TEKST\u0130L SAN.T\u0130C. A.\u015e. \u00d6ZTEKST\u0130L SAN. T\u0130C. LTD. \u015eT\u0130. SARAR TEKS. SAN. VE T\u0130C. LTD. \u015eT\u0130. SOCIETA TEKS. SAN. T\u0130C. LTD. \u015eT\u0130. \u00dcNL\u00dc TEKS. SAN. T\u0130C. A.\u015e. VAKKO [&hellip;]<\/p>\n","protected":false},"author":1,"featured_media":727,"parent":0,"menu_order":0,"comment_status":"open","ping_status":"open","template":"","meta":[],"_links":{"self":[{"href":"http:\/\/helsakam.com.tr\/en\/wp-json\/wp\/v2\/pages\/723"}],"collection":[{"href":"http:\/\/helsakam.com.tr\/en\/wp-json\/wp\/v2\/pages"}],"about":[{"href":"http:\/\/helsakam.com.tr\/en\/wp-json\/wp\/v2\/types\/page"}],"author":[{"embeddable":true,"href":"http:\/\/helsakam.com.tr\/en\/wp-json\/wp\/v2\/users\/1"}],"replies":[{"embeddable":true,"href":"http:\/\/helsakam.com.tr\/en\/wp-json\/wp\/v2\/comments?post=723"}],"version-history":[{"count":3,"href":"http:\/\/helsakam.com.tr\/en\/wp-json\/wp\/v2\/pages\/723\/revisions"}],"predecessor-version":[{"id":899,"href":"http:\/\/helsakam.com.tr\/en\/wp-json\/wp\/v2\/pages\/723\/revisions\/899"}],"wp:featuredmedia":[{"embeddable":true,"href":"http:\/\/helsakam.com.tr\/en\/wp-json\/wp\/v2\/media\/727"}],"wp:attachment":[{"href":"http:\/\/helsakam.com.tr\/en\/wp-json\/wp\/v2\/media?parent=723"}],"curies":[{"name":"wp","href":"https:\/\/api.w.org\/{rel}","templated":true}]}}