{"id":686,"date":"2017-10-24T10:44:38","date_gmt":"2017-10-24T10:44:38","guid":{"rendered":"http:\/\/helsakam.com.tr\/?page_id=686"},"modified":"2022-11-10T14:12:45","modified_gmt":"2022-11-10T14:12:45","slug":"helsakam","status":"publish","type":"page","link":"https:\/\/helsakam.com.tr\/de\/helsakam\/","title":{"rendered":"Helsakam"},"content":{"rendered":"<p>[vc_row][vc_column][vc_column_text]<\/p>\n<ul>\n<li>Mit einer professionellen Mannschaft, mit neuen Technologie-Investitionen und mit einer Erfahrung seit 1982, ist Helsakam das f\u00fchrende Unternehmen zur Produktion und Vermarktung von Schulterpolstern und Armfischen.<\/li>\n<li>Helsakam produziert f\u00fcr 92% der Hersteller der hochwertigen Fertigkleidung, die ihre Produkte von der T\u00fcrkei nach Europa, Amerika und in den Nahen Osten exportieren.<\/li>\n<li>Helsakam arbeitet nicht nur mit f\u00fchrenden Unternehmen in Europa wie Hugo Boss AG und Holy Fashion Group, sondern vergr\u00f6\u00dfert auch ihren Marktanteil in Zentralasien, in dem Nahen Osten, in Nordafrika und in den Balkanl\u00e4ndern.<\/li>\n<li>Helsakam ist der L\u00f6sungs- und Gesch\u00e4ftspartner ihrer Kunden. Bei der Bemusterung, Bestellung, und Entwicklung von neuen Modellen und bei dem Preisangebot steht Helsakam immer ihren Kunden ganz schnell und flexibel zur Verf\u00fcgung.<\/li>\n<li>Helsakam legt gro\u00dfen Wert auf neue Technologie-Investitionen. Helsakam entwickelt neue Maschinen selbst und mit ihren Gesch\u00e4ftspartnern.<\/li>\n<li>Helsakam standardisiert ihre Produktionqualit\u00e4t durch automatische CNC Watte-, Zuschnitt- und N\u00e4hmaschinensysteme.<\/li>\n<li>Helsakam fertigt alle ihre Muster in der normalen Massenproduktion an und erreicht dadurch realistische Angebote.<\/li>\n<li>Helsakam stellt immer minimum 4 Monate-Rohstoff zur Verf\u00fcgung.<\/li>\n<\/ul>\n<p>[\/vc_column_text][\/vc_column][\/vc_row]<\/p>\n","protected":false},"excerpt":{"rendered":"<p>[vc_row][vc_column][vc_column_text] Mit einer professionellen Mannschaft, mit neuen Technologie-Investitionen und mit einer Erfahrung seit 1982, ist Helsakam das f\u00fchrende Unternehmen zur Produktion und Vermarktung von Schulterpolstern und Armfischen. Helsakam produziert f\u00fcr 92% der Hersteller der hochwertigen Fertigkleidung, die ihre Produkte von der T\u00fcrkei nach Europa, Amerika und in den Nahen Osten exportieren. Helsakam arbeitet nicht nur mit f\u00fchrenden Unternehmen in Europa wie Hugo Boss AG und Holy Fashion Group, sondern vergr\u00f6\u00dfert auch ihren Marktanteil in Zentralasien, in dem Nahen Osten, in Nordafrika und in den Balkanl\u00e4ndern. Helsakam ist der L\u00f6sungs- und Gesch\u00e4ftspartner ihrer Kunden. Bei der Bemusterung, Bestellung, und Entwicklung von [&hellip;]<\/p>\n","protected":false},"author":1,"featured_media":688,"parent":0,"menu_order":0,"comment_status":"open","ping_status":"open","template":"","meta":[],"_links":{"self":[{"href":"https:\/\/helsakam.com.tr\/de\/wp-json\/wp\/v2\/pages\/686"}],"collection":[{"href":"https:\/\/helsakam.com.tr\/de\/wp-json\/wp\/v2\/pages"}],"about":[{"href":"https:\/\/helsakam.com.tr\/de\/wp-json\/wp\/v2\/types\/page"}],"author":[{"embeddable":true,"href":"https:\/\/helsakam.com.tr\/de\/wp-json\/wp\/v2\/users\/1"}],"replies":[{"embeddable":true,"href":"https:\/\/helsakam.com.tr\/de\/wp-json\/wp\/v2\/comments?post=686"}],"version-history":[{"count":5,"href":"https:\/\/helsakam.com.tr\/de\/wp-json\/wp\/v2\/pages\/686\/revisions"}],"predecessor-version":[{"id":935,"href":"https:\/\/helsakam.com.tr\/de\/wp-json\/wp\/v2\/pages\/686\/revisions\/935"}],"wp:featuredmedia":[{"embeddable":true,"href":"https:\/\/helsakam.com.tr\/de\/wp-json\/wp\/v2\/media\/688"}],"wp:attachment":[{"href":"https:\/\/helsakam.com.tr\/de\/wp-json\/wp\/v2\/media?parent=686"}],"curies":[{"name":"wp","href":"https:\/\/api.w.org\/{rel}","templated":true}]}}