{"id":717,"date":"2017-10-24T10:59:54","date_gmt":"2017-10-24T10:59:54","guid":{"rendered":"http:\/\/helsakam.com.tr\/?page_id=717"},"modified":"2017-10-25T18:32:08","modified_gmt":"2017-10-25T18:32:08","slug":"contact","status":"publish","type":"page","link":"https:\/\/helsakam.com.tr\/en\/contact\/","title":{"rendered":"Contact"},"content":{"rendered":"<p>[vc_row][vc_column][vc_column_text]<strong>Helsakam Konfeksiyon Yan \u00dcr\u00fcnleri Sanayi ve Ticaret A.\u015e.<\/strong><\/p>\n<p>Talatpa\u015fa Mh. 1046. Sok. No: 19-21 Esenyurt 34513\u2013 Istanbul \/ Turkey<br \/>\n<br \/>\nTel: \u00a0+90 212 596 6969 (pbx)<br \/>\nFax: +90 212 596 9400<\/p>\n<p><a href=\"mailto:info@helsakam.com.tr\">info@helsakam.com.tr<\/a>[\/vc_column_text][\/vc_column][\/vc_row]<\/p>\n","protected":false},"excerpt":{"rendered":"<p>[vc_row][vc_column][vc_column_text]Helsakam Konfeksiyon Yan \u00dcr\u00fcnleri Sanayi ve Ticaret A.\u015e. Talatpa\u015fa Mh. 1046. Sok. No: 19-21 Esenyurt 34513\u2013 Istanbul \/ Turkey Tel: \u00a0+90 212 596 6969 (pbx) Fax: +90 212 596 9400 info@helsakam.com.tr[\/vc_column_text][\/vc_column][\/vc_row]<\/p>\n","protected":false},"author":1,"featured_media":0,"parent":0,"menu_order":0,"comment_status":"open","ping_status":"open","template":"","meta":[],"_links":{"self":[{"href":"https:\/\/helsakam.com.tr\/en\/wp-json\/wp\/v2\/pages\/717"}],"collection":[{"href":"https:\/\/helsakam.com.tr\/en\/wp-json\/wp\/v2\/pages"}],"about":[{"href":"https:\/\/helsakam.com.tr\/en\/wp-json\/wp\/v2\/types\/page"}],"author":[{"embeddable":true,"href":"https:\/\/helsakam.com.tr\/en\/wp-json\/wp\/v2\/users\/1"}],"replies":[{"embeddable":true,"href":"https:\/\/helsakam.com.tr\/en\/wp-json\/wp\/v2\/comments?post=717"}],"version-history":[{"count":4,"href":"https:\/\/helsakam.com.tr\/en\/wp-json\/wp\/v2\/pages\/717\/revisions"}],"predecessor-version":[{"id":860,"href":"https:\/\/helsakam.com.tr\/en\/wp-json\/wp\/v2\/pages\/717\/revisions\/860"}],"wp:attachment":[{"href":"https:\/\/helsakam.com.tr\/en\/wp-json\/wp\/v2\/media?parent=717"}],"curies":[{"name":"wp","href":"https:\/\/api.w.org\/{rel}","templated":true}]}}