{"id":748,"date":"2017-10-24T11:15:36","date_gmt":"2017-10-24T11:15:36","guid":{"rendered":"http:\/\/helsakam.com.tr\/?page_id=748"},"modified":"2018-02-14T15:55:49","modified_gmt":"2018-02-14T15:55:49","slug":"suppliers","status":"publish","type":"page","link":"https:\/\/helsakam.com.tr\/en\/suppliers\/","title":{"rendered":"SUPPLIERS"},"content":{"rendered":"<p>[vc_row][vc_column][vc_wp_text]<a href=\"http:\/\/www.actk.nl\/\" target=\"_blank\" rel=\"noopener\">A.C. TER KUILE<\/a><\/p>\n<p><a href=\"http:\/\/www.astasjuki.com\/\" target=\"_blank\" rel=\"noopener\">ASTA\u015e END. TEKS. MAKN. SAN. T\u0130C. A.\u015e.<\/a><\/p>\n<p><a href=\"http:\/\/www.coats.com\/\" target=\"_blank\" rel=\"noopener\">COATS GROUP<\/a><\/p>\n<p><a href=\"http:\/\/www.freudenberg-nw.com\/ecomaXL\/index.php?site=FNW_EN_home\" target=\"_blank\" rel=\"noopener\">FREUDENBERG NONWOVENS<\/a><\/p>\n<p><a href=\"http:\/\/www.ganzert-watteline.de\/\" target=\"_blank\" rel=\"noopener\">GANZERT GMBH WATTELINFABRIK<\/a><\/p>\n<p><a href=\"http:\/\/www.korteks.com.tr\/en\" target=\"_blank\" rel=\"noopener\">KORTEKS \u0130PL\u0130K<\/a><\/p>\n<p><a href=\"http:\/\/www.kufner-textil.com\/kufner\/\" target=\"_blank\" rel=\"noopener\">KUFNER TEXTILWERKE GmbH<\/a><\/p>\n<p><a href=\"http:\/\/www.lainieredepicardie.com\/\" target=\"_blank\" rel=\"noopener\">LAINIERE DE PICARDIE<\/a><\/p>\n<p><a href=\"http:\/\/www.marelli-berta.it\/\" target=\"_blank\" rel=\"noopener\">MARELLI &amp; BERTA S.a.s. di FREUDENBERG S.p.A<\/a><\/p>\n<p><a href=\"http:\/\/www.pierangeloservicesrl.com\/\" target=\"_blank\" rel=\"noopener\">PIERANGELO SERVICE SRL<\/a><\/p>\n<p><a href=\"http:\/\/www.renksan.com.tr\/eng\/tr5000.htm\" target=\"_blank\" rel=\"noopener\">RENKSAN PLAST\u0130K S\u00dcNGER SAN.T\u0130C.LTD.\u015eT\u0130.<\/a><\/p>\n<p><a href=\"http:\/\/www.rovagnativincenzo.it\/\" target=\"_blank\" rel=\"noopener\">ROVAGNATI VINCENZO S.P.A..<\/a><\/p>\n<p><a href=\"http:\/\/www.salteks.com.tr\/\" target=\"_blank\" rel=\"noopener\">SALTEKS TEKST\u0130L SAN. VE T\u0130C. A.\u015e.<\/a><\/p>\n<p><a href=\"http:\/\/www.sasa.com.tr\/\" target=\"_blank\" rel=\"noopener\">SASA POLYESTER SAN. VE T\u0130C. A.\u015e.<\/a><\/p>\n<p><a href=\"http:\/\/www.schaetti.com\/home.html\" target=\"_blank\" rel=\"noopener\">SCHAETTI AG<\/a><\/p>\n<p><a href=\"http:\/\/www.soktas.com.tr\/\" target=\"_blank\" rel=\"noopener\">S\u00d6KTA\u015e TEKS. SAN. VE T\u0130C. A.\u015e.<\/a><\/p>\n<p><a href=\"http:\/\/en.telateks.com\/\" target=\"_blank\" rel=\"noopener\">TELATEKS TEKS. \u00dcRNL. SAN. A.\u015e.<\/a><\/p>\n<p><a href=\"http:\/\/www.teksmakmakine.com\/\" target=\"_blank\" rel=\"noopener\">TEKSMAK TEKS. MAKN. SAN. T\u0130C. LTD. \u015eT\u0130.<\/a><\/p>\n<p><a href=\"http:\/\/www.tenowo.com\/\" target=\"_blank\" rel=\"noopener\">TENOWO NONWOVENS.<\/a><\/p>\n<p><a href=\"http:\/\/www.thrakika.gr\/en\/\" target=\"_blank\" rel=\"noopener\">THRAKIKA EKKOKISTIRIA S.A.<\/a><\/p>\n<p><a href=\"http:\/\/tosyaguvercintekstil.com\/\" target=\"_blank\" rel=\"noopener\">G\u00dcVERC\u0130N TEKS. LTD. \u015eT\u0130.<\/a><\/p>\n<p><a href=\"http:\/\/www.urosankimya.com\/index.htm\" target=\"_blank\" rel=\"noopener\">\u00dcROSAN K\u0130MYA SANAY\u0130 A.\u015e.<\/a><\/p>\n<p><a href=\"http:\/\/www.lureg.de\/\" target=\"_blank\" rel=\"noopener\">WEBEREI HEINZ LUDWIG<\/a>[\/vc_wp_text][\/vc_column][\/vc_row]<\/p>\n","protected":false},"excerpt":{"rendered":"<p>[vc_row][vc_column][vc_wp_text]A.C. TER KUILE ASTA\u015e END. TEKS. MAKN. SAN. T\u0130C. A.\u015e. COATS GROUP FREUDENBERG NONWOVENS GANZERT GMBH WATTELINFABRIK KORTEKS \u0130PL\u0130K KUFNER TEXTILWERKE GmbH LAINIERE DE PICARDIE MARELLI &amp; BERTA S.a.s. di FREUDENBERG S.p.A PIERANGELO SERVICE SRL RENKSAN PLAST\u0130K S\u00dcNGER SAN.T\u0130C.LTD.\u015eT\u0130. ROVAGNATI VINCENZO S.P.A.. SALTEKS TEKST\u0130L SAN. VE T\u0130C. A.\u015e. SASA POLYESTER SAN. VE T\u0130C. A.\u015e. SCHAETTI AG S\u00d6KTA\u015e TEKS. SAN. VE T\u0130C. A.\u015e. TELATEKS TEKS. \u00dcRNL. SAN. A.\u015e. TEKSMAK TEKS. MAKN. SAN. T\u0130C. LTD. \u015eT\u0130. TENOWO NONWOVENS. THRAKIKA EKKOKISTIRIA S.A. G\u00dcVERC\u0130N TEKS. LTD. \u015eT\u0130. \u00dcROSAN K\u0130MYA SANAY\u0130 A.\u015e. WEBEREI HEINZ LUDWIG[\/vc_wp_text][\/vc_column][\/vc_row]<\/p>\n","protected":false},"author":1,"featured_media":752,"parent":0,"menu_order":0,"comment_status":"open","ping_status":"open","template":"","meta":[],"_links":{"self":[{"href":"https:\/\/helsakam.com.tr\/en\/wp-json\/wp\/v2\/pages\/748"}],"collection":[{"href":"https:\/\/helsakam.com.tr\/en\/wp-json\/wp\/v2\/pages"}],"about":[{"href":"https:\/\/helsakam.com.tr\/en\/wp-json\/wp\/v2\/types\/page"}],"author":[{"embeddable":true,"href":"https:\/\/helsakam.com.tr\/en\/wp-json\/wp\/v2\/users\/1"}],"replies":[{"embeddable":true,"href":"https:\/\/helsakam.com.tr\/en\/wp-json\/wp\/v2\/comments?post=748"}],"version-history":[{"count":4,"href":"https:\/\/helsakam.com.tr\/en\/wp-json\/wp\/v2\/pages\/748\/revisions"}],"predecessor-version":[{"id":896,"href":"https:\/\/helsakam.com.tr\/en\/wp-json\/wp\/v2\/pages\/748\/revisions\/896"}],"wp:featuredmedia":[{"embeddable":true,"href":"https:\/\/helsakam.com.tr\/en\/wp-json\/wp\/v2\/media\/752"}],"wp:attachment":[{"href":"https:\/\/helsakam.com.tr\/en\/wp-json\/wp\/v2\/media?parent=748"}],"curies":[{"name":"wp","href":"https:\/\/api.w.org\/{rel}","templated":true}]}}